{"id":1339,"date":"2022-01-24T20:24:35","date_gmt":"2022-01-24T19:24:35","guid":{"rendered":"https:\/\/tilde-creations.be\/?page_id=1339"},"modified":"2025-03-02T11:40:08","modified_gmt":"2025-03-02T10:40:08","slug":"dites-le-avec-des-pleurs","status":"publish","type":"page","link":"https:\/\/tilde-creations.be\/index.php\/dites-le-avec-des-pleurs\/","title":{"rendered":"Dites-le avec des pleurs"},"content":{"rendered":"<p>[et_pb_section fb_built=\u00a0\u00bb1&Prime; specialty=\u00a0\u00bbon\u00a0\u00bb admin_label=\u00a0\u00bbPage Titile Section\u00a0\u00bb _builder_version=\u00a0\u00bb4.16&Prime; inner_max_width=\u00a0\u00bb1280px\u00a0\u00bb custom_padding=\u00a0\u00bb60px||27px|||\u00a0\u00bb use_custom_width=\u00a0\u00bbon\u00a0\u00bb custom_width_px=\u00a0\u00bb1280px\u00a0\u00bb locked=\u00a0\u00bboff\u00a0\u00bb global_colors_info=\u00a0\u00bb{}\u00a0\u00bb][et_pb_column type=\u00a0\u00bb1_2&Prime; _builder_version=\u00a0\u00bb4.16&Prime; custom_padding=\u00a0\u00bb|||\u00a0\u00bb global_colors_info=\u00a0\u00bb{}\u00a0\u00bb custom_padding__hover=\u00a0\u00bb|||\u00a0\u00bb][et_pb_text admin_label=\u00a0\u00bbContact Page Title\u00a0\u00bb _builder_version=\u00a0\u00bb4.16&Prime; text_font=\u00a0\u00bb||||||||\u00a0\u00bb header_font=\u00a0\u00bbRoboto|700||on|||||\u00a0\u00bb header_font_size=\u00a0\u00bb52px\u00a0\u00bb header_letter_spacing=\u00a0\u00bb4px\u00a0\u00bb header_line_height=\u00a0\u00bb1.2em\u00a0\u00bb header_2_font=\u00a0\u00bb||||||||\u00a0\u00bb custom_margin=\u00a0\u00bb|-2px|20px|||\u00a0\u00bb custom_padding=\u00a0\u00bb||0px|||\u00a0\u00bb animation_style=\u00a0\u00bbfade\u00a0\u00bb header_font_size_tablet=\u00a0\u00bb40px\u00a0\u00bb header_font_size_phone=\u00a0\u00bb\u00a0\u00bb header_font_size_last_edited=\u00a0\u00bbon|tablet\u00a0\u00bb global_colors_info=\u00a0\u00bb{}\u00a0\u00bb locked=\u00a0\u00bboff\u00a0\u00bb]<\/p>\n<h1><span style=\"font-size: xx-large;\">DITES-LE AVEC DES PLEURS<\/span><\/h1>\n<p>[\/et_pb_text][et_pb_divider color=\u00a0\u00bb#d81e53&Prime; divider_weight=\u00a0\u00bb2px\u00a0\u00bb disabled_on=\u00a0\u00bboff|off|off\u00a0\u00bb _builder_version=\u00a0\u00bb4.16&Prime; max_width=\u00a0\u00bb100px\u00a0\u00bb height=\u00a0\u00bb2px\u00a0\u00bb animation_style=\u00a0\u00bbfade\u00a0\u00bb custom_css_main_element=\u00a0\u00bb||||\u00a0\u00bb locked=\u00a0\u00bboff\u00a0\u00bb global_colors_info=\u00a0\u00bb{}\u00a0\u00bb][\/et_pb_divider][et_pb_text _builder_version=\u00a0\u00bb4.27.4&Prime; text_font=\u00a0\u00bb||||||||\u00a0\u00bb text_font_size=\u00a0\u00bb16px\u00a0\u00bb text_line_height=\u00a0\u00bb1.8em\u00a0\u00bb width=\u00a0\u00bb100%\u00a0\u00bb max_width_tablet=\u00a0\u00bb\u00a0\u00bb max_width_phone=\u00a0\u00bb\u00a0\u00bb max_width_last_edited=\u00a0\u00bbon|desktop\u00a0\u00bb custom_margin=\u00a0\u00bb|||\u00a0\u00bb custom_padding=\u00a0\u00bb|||\u00a0\u00bb animation_style=\u00a0\u00bbfade\u00a0\u00bb hover_enabled=\u00a0\u00bb0&Prime; global_colors_info=\u00a0\u00bb{}\u00a0\u00bb sticky_enabled=\u00a0\u00bb0&Prime;]<\/p>\n<p><strong>Dites-le avec des pleurs<\/strong> est une exposition collective de broderies sur mouchoir cr\u00e9\u00e9e par<a href=\"https:\/\/chocsetennui.tumblr.com\/\" target=\"_blank\" rel=\"noopener\"><strong> Jeuhmeuh<\/strong><\/a> (Namur), <a href=\"https:\/\/www.tadouce.com\/\" target=\"_blank\" rel=\"noopener\"><strong>Ta douce<\/strong><\/a> (Bruxelles) et moi. Ensemble, nous avons investi le <strong>PointCulture Namur<\/strong> durant le mois de janvier 2022. nous avons donn\u00e9 \u00e0 voir 62 mouchoirs brod\u00e9s, chacun pr\u00e9sentant un court extrait de chanson emprunt\u00e9e au r\u00e9pertoire musical international et abordant le sujet des larmes. Croisant broderie \u00e0 la main et musique, nous avons propos\u00e9 un espace d&rsquo;expression et de r\u00e9flexion, accessible et joyeux, sur les pleurs.<\/p>\n<p><em>En savoir plus<br \/><\/em><a href=\"https:\/\/open.spotify.com\/playlist\/6NbSxFt0MrOIhdDrdl4iNw?si=0efb00c8e06a4ad1\" target=\"_blank\" rel=\"noopener\"><\/a><a href=\"https:\/\/issuu.com\/chocsetennui\/docs\/catalogue_dites-le_avec_des_pleurs_web\" target=\"_blank\" rel=\"noopener\">Catalogue de l&rsquo;exposition<\/a><br \/><a href=\"https:\/\/open.spotify.com\/album\/5t7AyxhoWYscJzmmcMfnQk?si=8UepKevmT8yeTTSD0L9w7g\" target=\"_blank\" rel=\"noopener\">Chanson \u00ab\u00a0Dites-le avec des pleurs\u00a0\u00bb<\/a><br \/><a href=\"https:\/\/open.spotify.com\/playlist\/6NbSxFt0MrOIhdDrdl4iNw?si=6685dccbfb4042f1\" target=\"_blank\" rel=\"noopener\">Mix officiel de l&rsquo;exposition<\/a><em><br \/><\/em><a href=\"https:\/\/www.pointculture.be\/magazine\/articles\/focus\/tchouler-ca-defoule-expo\/\" target=\"_blank\" rel=\"noopener\">Interview parue sur PointCulture.be<\/a><br \/><a href=\"https:\/\/www.rtbf.be\/article\/le-pointculture-de-namur-presente-dites-le-avec-des-pleurs-une-exposition-sur-le-theme-des-larmes-10917193\" target=\"_blank\" rel=\"noopener\">Article paru sur Restart \/ RTBF<\/a><br \/><a href=\"https:\/\/issuu.com\/chocsetennui\/docs\/catalogue_dites-le_avec_des_pleurs_web\"><\/a><\/p>\n<p>[\/et_pb_text][et_pb_gallery gallery_ids=\u00a0\u00bb1337,1338&Prime; posts_number=\u00a0\u00bb2&Prime; orientation=\u00a0\u00bbportrait\u00a0\u00bb show_title_and_caption=\u00a0\u00bboff\u00a0\u00bb _builder_version=\u00a0\u00bb4.16&Prime; _module_preset=\u00a0\u00bbdefault\u00a0\u00bb global_colors_info=\u00a0\u00bb{}\u00a0\u00bb][\/et_pb_gallery][\/et_pb_column][et_pb_column type=\u00a0\u00bb1_2&Prime; specialty_columns=\u00a0\u00bb2&Prime; _builder_version=\u00a0\u00bb4.16&Prime; custom_padding=\u00a0\u00bb|||\u00a0\u00bb global_colors_info=\u00a0\u00bb{}\u00a0\u00bb custom_padding__hover=\u00a0\u00bb|||\u00a0\u00bb][et_pb_row_inner _builder_version=\u00a0\u00bb4.16&Prime; locked=\u00a0\u00bboff\u00a0\u00bb global_colors_info=\u00a0\u00bb{}\u00a0\u00bb][et_pb_column_inner saved_specialty_column_type=\u00a0\u00bb1_2&Prime; _builder_version=\u00a0\u00bb4.16&Prime; custom_padding=\u00a0\u00bb|||\u00a0\u00bb global_colors_info=\u00a0\u00bb{}\u00a0\u00bb custom_padding__hover=\u00a0\u00bb|||\u00a0\u00bb][et_pb_gallery gallery_ids=\u00a0\u00bb1336,1333,1329,1325,1326,1335,1334,1332,1331,1330,1327&Prime; fullwidth=\u00a0\u00bbon\u00a0\u00bb _builder_version=\u00a0\u00bb4.16&Prime; _module_preset=\u00a0\u00bbdefault\u00a0\u00bb animation_style=\u00a0\u00bbfade\u00a0\u00bb global_colors_info=\u00a0\u00bb{}\u00a0\u00bb][\/et_pb_gallery][\/et_pb_column_inner][\/et_pb_row_inner][\/et_pb_column][\/et_pb_section]<\/p>\n","protected":false},"excerpt":{"rendered":"<p>DITES-LE AVEC DES PLEURSDites-le avec des pleurs est une exposition collective de broderies sur mouchoir cr\u00e9\u00e9e par Jeuhmeuh (Namur), Ta douce (Bruxelles) et moi. Ensemble, nous avons investi le PointCulture Namur durant le mois de janvier 2022. nous avons donn\u00e9 \u00e0 voir 62 mouchoirs brod\u00e9s, chacun pr\u00e9sentant un court extrait de chanson emprunt\u00e9e au r\u00e9pertoire [&hellip;]<\/p>\n","protected":false},"author":4,"featured_media":0,"parent":0,"menu_order":0,"comment_status":"closed","ping_status":"closed","template":"","meta":{"_et_pb_use_builder":"on","_et_pb_old_content":"","_et_gb_content_width":"","footnotes":""},"class_list":["post-1339","page","type-page","status-publish","hentry"],"_links":{"self":[{"href":"https:\/\/tilde-creations.be\/index.php\/wp-json\/wp\/v2\/pages\/1339","targetHints":{"allow":["GET"]}}],"collection":[{"href":"https:\/\/tilde-creations.be\/index.php\/wp-json\/wp\/v2\/pages"}],"about":[{"href":"https:\/\/tilde-creations.be\/index.php\/wp-json\/wp\/v2\/types\/page"}],"author":[{"embeddable":true,"href":"https:\/\/tilde-creations.be\/index.php\/wp-json\/wp\/v2\/users\/4"}],"replies":[{"embeddable":true,"href":"https:\/\/tilde-creations.be\/index.php\/wp-json\/wp\/v2\/comments?post=1339"}],"version-history":[{"count":13,"href":"https:\/\/tilde-creations.be\/index.php\/wp-json\/wp\/v2\/pages\/1339\/revisions"}],"predecessor-version":[{"id":2179,"href":"https:\/\/tilde-creations.be\/index.php\/wp-json\/wp\/v2\/pages\/1339\/revisions\/2179"}],"wp:attachment":[{"href":"https:\/\/tilde-creations.be\/index.php\/wp-json\/wp\/v2\/media?parent=1339"}],"curies":[{"name":"wp","href":"https:\/\/api.w.org\/{rel}","templated":true}]}}